{"id":3186,"date":"2023-12-19T10:29:53","date_gmt":"2023-12-19T09:29:53","guid":{"rendered":"https:\/\/certiacustic.es\/energia\/"},"modified":"2024-01-16T12:14:07","modified_gmt":"2024-01-16T11:14:07","slug":"energy","status":"publish","type":"page","link":"https:\/\/certiacustic.es\/en\/energy\/","title":{"rendered":"Energy"},"content":{"rendered":"\t\t<div data-elementor-type=\"wp-page\" data-elementor-id=\"3186\" class=\"elementor elementor-3186 elementor-2597\" data-elementor-post-type=\"page\">\n\t\t\t\t<div class=\"elementor-element elementor-element-bb1e4e7 e-flex e-con-boxed e-con e-parent\" data-id=\"bb1e4e7\" data-element_type=\"container\" id=\"energy_audit\">\n\t\t\t\t\t<div class=\"e-con-inner\">\n\t\t<div class=\"elementor-element elementor-element-1143540 e-con-full e-flex e-con e-child\" data-id=\"1143540\" data-element_type=\"container\">\n\t\t\t\t<div class=\"elementor-element elementor-element-1899512 elementor-widget elementor-widget-heading\" data-id=\"1899512\" data-element_type=\"widget\" data-widget_type=\"heading.default\">\n\t\t\t\t<div class=\"elementor-widget-container\">\n\t\t\t\t\t<h2 class=\"elementor-heading-title elementor-size-default\">Auditor\u00eda Energ\u00e9tica<\/h2>\t\t\t\t<\/div>\n\t\t\t\t<\/div>\n\t\t\t\t<div class=\"elementor-element elementor-element-90d4636 elementor-widget elementor-widget-text-editor\" data-id=\"90d4636\" data-element_type=\"widget\" data-widget_type=\"text-editor.default\">\n\t\t\t\t<div class=\"elementor-widget-container\">\n\t\t\t\t\t\t\t\t\t<p>Estudio y dise\u00f1o de mejora de envolvente t\u00e9rmica en edificios.<\/p><p>Justificaci\u00f3n del cumplimiento de CTE DB HE.<\/p><p>Informes y dict\u00e1menes periciales.<\/p><p>Asistencias t\u00e9cnicas.<\/p>\t\t\t\t\t\t\t\t<\/div>\n\t\t\t\t<\/div>\n\t\t\t\t<\/div>\n\t\t<div class=\"elementor-element elementor-element-9800c7f e-con-full e-flex e-con e-child\" data-id=\"9800c7f\" data-element_type=\"container\">\n\t\t\t\t<div class=\"elementor-element elementor-element-7bcac26 elementor-widget elementor-widget-image\" data-id=\"7bcac26\" data-element_type=\"widget\" data-widget_type=\"image.default\">\n\t\t\t\t<div class=\"elementor-widget-container\">\n\t\t\t\t\t\t\t\t\t\t\t\t\t\t\t<img fetchpriority=\"high\" decoding=\"async\" width=\"751\" height=\"376\" src=\"https:\/\/certiacustic.es\/wp-content\/uploads\/2024\/01\/niveles-eficiencia-1024x512.jpg\" class=\"attachment-large size-large wp-image-2822\" alt=\"Auditor\u00eda Energ\u00e9tica\" srcset=\"https:\/\/certiacustic.es\/wp-content\/uploads\/2024\/01\/niveles-eficiencia-1024x512.jpg 1024w, https:\/\/certiacustic.es\/wp-content\/uploads\/2024\/01\/niveles-eficiencia-300x150.jpg 300w, https:\/\/certiacustic.es\/wp-content\/uploads\/2024\/01\/niveles-eficiencia-768x384.jpg 768w, https:\/\/certiacustic.es\/wp-content\/uploads\/2024\/01\/niveles-eficiencia-1536x768.jpg 1536w, https:\/\/certiacustic.es\/wp-content\/uploads\/2024\/01\/niveles-eficiencia-2048x1024.jpg 2048w\" sizes=\"(max-width: 751px) 100vw, 751px\" \/>\t\t\t\t\t\t\t\t\t\t\t\t\t\t\t<\/div>\n\t\t\t\t<\/div>\n\t\t\t\t<\/div>\n\t\t\t\t\t<\/div>\n\t\t\t\t<\/div>\n\t\t<div class=\"elementor-element elementor-element-3ba22ae e-flex e-con-boxed e-con e-parent\" data-id=\"3ba22ae\" data-element_type=\"container\" id=\"thermographic_inspection\">\n\t\t\t\t\t<div class=\"e-con-inner\">\n\t\t<div class=\"elementor-element elementor-element-8d8d0eb e-con-full e-flex e-con e-child\" data-id=\"8d8d0eb\" data-element_type=\"container\">\n\t\t\t\t<div class=\"elementor-element elementor-element-d0873fd elementor-widget elementor-widget-image\" data-id=\"d0873fd\" data-element_type=\"widget\" data-widget_type=\"image.default\">\n\t\t\t\t<div class=\"elementor-widget-container\">\n\t\t\t\t\t\t\t\t\t\t\t\t\t\t\t<img decoding=\"async\" width=\"751\" height=\"501\" src=\"https:\/\/certiacustic.es\/wp-content\/uploads\/2024\/01\/informe-termografia-1024x683.jpg\" class=\"attachment-large size-large wp-image-2824\" alt=\"Inspecci\u00f3n Termogr\u00e1fica\" srcset=\"https:\/\/certiacustic.es\/wp-content\/uploads\/2024\/01\/informe-termografia-1024x683.jpg 1024w, https:\/\/certiacustic.es\/wp-content\/uploads\/2024\/01\/informe-termografia-300x200.jpg 300w, https:\/\/certiacustic.es\/wp-content\/uploads\/2024\/01\/informe-termografia-768x512.jpg 768w, https:\/\/certiacustic.es\/wp-content\/uploads\/2024\/01\/informe-termografia-1536x1024.jpg 1536w, https:\/\/certiacustic.es\/wp-content\/uploads\/2024\/01\/informe-termografia-2048x1365.jpg 2048w\" sizes=\"(max-width: 751px) 100vw, 751px\" \/>\t\t\t\t\t\t\t\t\t\t\t\t\t\t\t<\/div>\n\t\t\t\t<\/div>\n\t\t\t\t<\/div>\n\t\t<div class=\"elementor-element elementor-element-00ab11c e-con-full e-flex e-con e-child\" data-id=\"00ab11c\" data-element_type=\"container\">\n\t\t\t\t<div class=\"elementor-element elementor-element-97085b4 elementor-widget elementor-widget-heading\" data-id=\"97085b4\" data-element_type=\"widget\" data-widget_type=\"heading.default\">\n\t\t\t\t<div class=\"elementor-widget-container\">\n\t\t\t\t\t<h2 class=\"elementor-heading-title elementor-size-default\">Inspecci\u00f3n Termogr\u00e1fica<\/h2>\t\t\t\t<\/div>\n\t\t\t\t<\/div>\n\t\t\t\t<div class=\"elementor-element elementor-element-1e86587 elementor-widget elementor-widget-text-editor\" data-id=\"1e86587\" data-element_type=\"widget\" data-widget_type=\"text-editor.default\">\n\t\t\t\t<div class=\"elementor-widget-container\">\n\t\t\t\t\t\t\t\t\t<p>Estudios Termogr\u00e1ficos cuantitativos y\/o cualitativos.<\/p><p>Informes y dict\u00e1menes periciales.<\/p><p>Propuestas de medidas correctoras.<\/p>\t\t\t\t\t\t\t\t<\/div>\n\t\t\t\t<\/div>\n\t\t\t\t<\/div>\n\t\t\t\t\t<\/div>\n\t\t\t\t<\/div>\n\t\t<div class=\"elementor-element elementor-element-5ffeadb e-flex e-con-boxed e-con e-parent\" data-id=\"5ffeadb\" data-element_type=\"container\" id=\"blower_door_tests\">\n\t\t\t\t\t<div class=\"e-con-inner\">\n\t\t<div class=\"elementor-element elementor-element-6d3a50e e-con-full e-flex e-con e-child\" data-id=\"6d3a50e\" data-element_type=\"container\">\n\t\t\t\t<div class=\"elementor-element elementor-element-dddd2ef elementor-widget elementor-widget-heading\" data-id=\"dddd2ef\" data-element_type=\"widget\" data-widget_type=\"heading.default\">\n\t\t\t\t<div class=\"elementor-widget-container\">\n\t\t\t\t\t<h2 class=\"elementor-heading-title elementor-size-default\">Ensayos Blower Door<\/h2>\t\t\t\t<\/div>\n\t\t\t\t<\/div>\n\t\t\t\t<div class=\"elementor-element elementor-element-b31cb6a elementor-widget elementor-widget-text-editor\" data-id=\"b31cb6a\" data-element_type=\"widget\" data-widget_type=\"text-editor.default\">\n\t\t\t\t<div class=\"elementor-widget-container\">\n\t\t\t\t\t\t\t\t\t<p>Diagnostico de hermeticidad en edificios y detecci\u00f3n de infiltraciones en su envolvente.<\/p><p>Ensayos de humo.<\/p><p>El ensayo Blower Door es una prueba normalizada de diagn\u00f3stico que permite medir el grado de hermeticidad de un edificio mediante la detecci\u00f3n de infiltraciones de aire a trav\u00e9s de su envolvente.<\/p>\t\t\t\t\t\t\t\t<\/div>\n\t\t\t\t<\/div>\n\t\t\t\t<\/div>\n\t\t<div class=\"elementor-element elementor-element-054a700 e-con-full e-flex e-con e-child\" data-id=\"054a700\" data-element_type=\"container\">\n\t\t\t\t<div class=\"elementor-element elementor-element-d3046ad elementor-widget elementor-widget-image\" data-id=\"d3046ad\" data-element_type=\"widget\" data-widget_type=\"image.default\">\n\t\t\t\t<div class=\"elementor-widget-container\">\n\t\t\t\t\t\t\t\t\t\t\t\t\t\t\t<img decoding=\"async\" width=\"729\" height=\"1024\" src=\"https:\/\/certiacustic.es\/wp-content\/uploads\/2024\/01\/blower-door-729x1024.jpg\" class=\"attachment-large size-large wp-image-2868\" alt=\"Ensayos Blower Door\" srcset=\"https:\/\/certiacustic.es\/wp-content\/uploads\/2024\/01\/blower-door-729x1024.jpg 729w, https:\/\/certiacustic.es\/wp-content\/uploads\/2024\/01\/blower-door-213x300.jpg 213w, https:\/\/certiacustic.es\/wp-content\/uploads\/2024\/01\/blower-door-768x1079.jpg 768w, https:\/\/certiacustic.es\/wp-content\/uploads\/2024\/01\/blower-door.jpg 1024w\" sizes=\"(max-width: 729px) 100vw, 729px\" \/>\t\t\t\t\t\t\t\t\t\t\t\t\t\t\t<\/div>\n\t\t\t\t<\/div>\n\t\t\t\t<\/div>\n\t\t\t\t\t<\/div>\n\t\t\t\t<\/div>\n\t\t<div class=\"elementor-element elementor-element-6f8d4f6 e-flex e-con-boxed e-con e-parent\" data-id=\"6f8d4f6\" data-element_type=\"container\" id=\"ensayos_blower_door\">\n\t\t\t\t\t<div class=\"e-con-inner\">\n\t\t\t\t\t<\/div>\n\t\t\t\t<\/div>\n\t\t\t\t<\/div>\n\t\t","protected":false},"excerpt":{"rendered":"<p>Auditor\u00eda Energ\u00e9tica Estudio y dise\u00f1o de mejora de envolvente t\u00e9rmica en edificios. Justificaci\u00f3n del cumplimiento de CTE DB HE. Informes y dict\u00e1menes periciales. Asistencias t\u00e9cnicas. Inspecci\u00f3n Termogr\u00e1fica Estudios Termogr\u00e1ficos cuantitativos y\/o cualitativos. Informes y dict\u00e1menes periciales. Propuestas de medidas correctoras. Ensayos Blower Door Diagnostico de hermeticidad en edificios y detecci\u00f3n de infiltraciones en su envolvente&#8230;.<\/p>\n","protected":false},"author":1,"featured_media":0,"parent":0,"menu_order":0,"comment_status":"closed","ping_status":"closed","template":"","meta":{"footnotes":""},"class_list":["post-3186","page","type-page","status-publish","hentry"],"_links":{"self":[{"href":"https:\/\/certiacustic.es\/en\/wp-json\/wp\/v2\/pages\/3186","targetHints":{"allow":["GET"]}}],"collection":[{"href":"https:\/\/certiacustic.es\/en\/wp-json\/wp\/v2\/pages"}],"about":[{"href":"https:\/\/certiacustic.es\/en\/wp-json\/wp\/v2\/types\/page"}],"author":[{"embeddable":true,"href":"https:\/\/certiacustic.es\/en\/wp-json\/wp\/v2\/users\/1"}],"replies":[{"embeddable":true,"href":"https:\/\/certiacustic.es\/en\/wp-json\/wp\/v2\/comments?post=3186"}],"version-history":[{"count":5,"href":"https:\/\/certiacustic.es\/en\/wp-json\/wp\/v2\/pages\/3186\/revisions"}],"predecessor-version":[{"id":3243,"href":"https:\/\/certiacustic.es\/en\/wp-json\/wp\/v2\/pages\/3186\/revisions\/3243"}],"wp:attachment":[{"href":"https:\/\/certiacustic.es\/en\/wp-json\/wp\/v2\/media?parent=3186"}],"curies":[{"name":"wp","href":"https:\/\/api.w.org\/{rel}","templated":true}]}}