{"id":3172,"date":"2023-12-19T10:29:42","date_gmt":"2023-12-19T09:29:42","guid":{"rendered":"https:\/\/certiacustic.es\/acustica\/"},"modified":"2024-01-16T12:13:16","modified_gmt":"2024-01-16T11:13:16","slug":"acoustics","status":"publish","type":"page","link":"https:\/\/certiacustic.es\/en\/acoustics\/","title":{"rendered":"Acoustics"},"content":{"rendered":"\t\t<div data-elementor-type=\"wp-page\" data-elementor-id=\"3172\" class=\"elementor elementor-3172 elementor-2595\" data-elementor-post-type=\"page\">\n\t\t\t\t<div class=\"elementor-element elementor-element-9ab411f e-flex e-con-boxed e-con e-parent\" data-id=\"9ab411f\" data-element_type=\"container\" id=\"architectural_acoustics\">\n\t\t\t\t\t<div class=\"e-con-inner\">\n\t\t<div class=\"elementor-element elementor-element-53951ce e-con-full e-flex e-con e-child\" data-id=\"53951ce\" data-element_type=\"container\">\n\t\t\t\t<div class=\"elementor-element elementor-element-73405ac elementor-widget elementor-widget-heading\" data-id=\"73405ac\" data-element_type=\"widget\" data-widget_type=\"heading.default\">\n\t\t\t\t<div class=\"elementor-widget-container\">\n\t\t\t\t\t<h2 class=\"elementor-heading-title elementor-size-default\">Ac\u00fastica Arquitect\u00f3nica<\/h2>\t\t\t\t<\/div>\n\t\t\t\t<\/div>\n\t\t\t\t<div class=\"elementor-element elementor-element-1946a36 elementor-widget elementor-widget-text-editor\" data-id=\"1946a36\" data-element_type=\"widget\" data-widget_type=\"text-editor.default\">\n\t\t\t\t<div class=\"elementor-widget-container\">\n\t\t\t\t\t\t\t\t\t<p>Evaluaci\u00f3n y predicci\u00f3n del Aislamiento Ac\u00fastico seg\u00fan norma UNE ISO 12354.<\/p><p>Dise\u00f1o y propuestas de aislamiento ac\u00fastico de actividades (Bares, Pub, Discotecas, \u2026).<br \/>Estudio y propuesta de medidas correctoras.<br \/>Acondicionamiento y dise\u00f1o ac\u00fastico de recintos y salas.<\/p>\t\t\t\t\t\t\t\t<\/div>\n\t\t\t\t<\/div>\n\t\t\t\t<\/div>\n\t\t<div class=\"elementor-element elementor-element-a369c6b e-con-full e-flex e-con e-child\" data-id=\"a369c6b\" data-element_type=\"container\">\n\t\t\t\t<div class=\"elementor-element elementor-element-a341ba8 elementor-widget elementor-widget-image\" data-id=\"a341ba8\" data-element_type=\"widget\" data-widget_type=\"image.default\">\n\t\t\t\t<div class=\"elementor-widget-container\">\n\t\t\t\t\t\t\t\t\t\t\t\t\t\t\t<img fetchpriority=\"high\" decoding=\"async\" width=\"751\" height=\"791\" src=\"https:\/\/certiacustic.es\/wp-content\/uploads\/2024\/01\/acustica-arquitectonica.jpg\" class=\"attachment-large size-large wp-image-2878\" alt=\"Ac\u00fastica Arquitect\u00f3nica\" srcset=\"https:\/\/certiacustic.es\/wp-content\/uploads\/2024\/01\/acustica-arquitectonica.jpg 869w, https:\/\/certiacustic.es\/wp-content\/uploads\/2024\/01\/acustica-arquitectonica-285x300.jpg 285w, https:\/\/certiacustic.es\/wp-content\/uploads\/2024\/01\/acustica-arquitectonica-768x809.jpg 768w\" sizes=\"(max-width: 751px) 100vw, 751px\" \/>\t\t\t\t\t\t\t\t\t\t\t\t\t\t\t<\/div>\n\t\t\t\t<\/div>\n\t\t\t\t<\/div>\n\t\t\t\t\t<\/div>\n\t\t\t\t<\/div>\n\t\t<div class=\"elementor-element elementor-element-556765f e-flex e-con-boxed e-con e-parent\" data-id=\"556765f\" data-element_type=\"container\" id=\"environmental_acoustics\">\n\t\t\t\t\t<div class=\"e-con-inner\">\n\t\t<div class=\"elementor-element elementor-element-2ca3140 e-con-full e-flex e-con e-child\" data-id=\"2ca3140\" data-element_type=\"container\">\n\t\t\t\t<div class=\"elementor-element elementor-element-f63c9f6 elementor-widget elementor-widget-image\" data-id=\"f63c9f6\" data-element_type=\"widget\" data-widget_type=\"image.default\">\n\t\t\t\t<div class=\"elementor-widget-container\">\n\t\t\t\t\t\t\t\t\t\t\t\t\t\t\t<img decoding=\"async\" width=\"566\" height=\"706\" src=\"https:\/\/certiacustic.es\/wp-content\/uploads\/2024\/01\/acustica-medioambiental.png\" class=\"attachment-large size-large wp-image-2873\" alt=\"Ac\u00fastica Medioambiental\" srcset=\"https:\/\/certiacustic.es\/wp-content\/uploads\/2024\/01\/acustica-medioambiental.png 566w, https:\/\/certiacustic.es\/wp-content\/uploads\/2024\/01\/acustica-medioambiental-241x300.png 241w, https:\/\/certiacustic.es\/wp-content\/uploads\/2024\/01\/acustica-medioambiental-284x355.png 284w\" sizes=\"(max-width: 566px) 100vw, 566px\" \/>\t\t\t\t\t\t\t\t\t\t\t\t\t\t\t<\/div>\n\t\t\t\t<\/div>\n\t\t\t\t<\/div>\n\t\t<div class=\"elementor-element elementor-element-dd5e834 e-con-full e-flex e-con e-child\" data-id=\"dd5e834\" data-element_type=\"container\">\n\t\t\t\t<div class=\"elementor-element elementor-element-c214152 elementor-widget elementor-widget-heading\" data-id=\"c214152\" data-element_type=\"widget\" data-widget_type=\"heading.default\">\n\t\t\t\t<div class=\"elementor-widget-container\">\n\t\t\t\t\t<h2 class=\"elementor-heading-title elementor-size-default\">Ac\u00fastica Medioambiental<\/h2>\t\t\t\t<\/div>\n\t\t\t\t<\/div>\n\t\t\t\t<div class=\"elementor-element elementor-element-6da0fae elementor-widget elementor-widget-text-editor\" data-id=\"6da0fae\" data-element_type=\"widget\" data-widget_type=\"text-editor.default\">\n\t\t\t\t<div class=\"elementor-widget-container\">\n\t\t\t\t\t\t\t\t\t<p>Estudio de evaluaci\u00f3n de impacto ac\u00fastico en infraestructuras, y zonificaci\u00f3n ac\u00fastica (Mapas de Ruido).<\/p><p>An\u00e1lisis y evaluaci\u00f3n de fuentes sonoras.<\/p><p>Estudio y propuesta de medidas correctoras.<\/p>\t\t\t\t\t\t\t\t<\/div>\n\t\t\t\t<\/div>\n\t\t\t\t<\/div>\n\t\t\t\t\t<\/div>\n\t\t\t\t<\/div>\n\t\t<div class=\"elementor-element elementor-element-33864ee e-flex e-con-boxed e-con e-parent\" data-id=\"33864ee\" data-element_type=\"container\" id=\"in_situ_acoustic_trials\">\n\t\t\t\t\t<div class=\"e-con-inner\">\n\t\t<div class=\"elementor-element elementor-element-6b1fa43 e-con-full e-flex e-con e-child\" data-id=\"6b1fa43\" data-element_type=\"container\">\n\t\t\t\t<div class=\"elementor-element elementor-element-affc103 elementor-widget elementor-widget-heading\" data-id=\"affc103\" data-element_type=\"widget\" data-widget_type=\"heading.default\">\n\t\t\t\t<div class=\"elementor-widget-container\">\n\t\t\t\t\t<h2 class=\"elementor-heading-title elementor-size-default\">Ensayos Ac\u00fasticos In Situ<\/h2>\t\t\t\t<\/div>\n\t\t\t\t<\/div>\n\t\t\t\t<div class=\"elementor-element elementor-element-5827eb2 elementor-widget elementor-widget-text-editor\" data-id=\"5827eb2\" data-element_type=\"widget\" data-widget_type=\"text-editor.default\">\n\t\t\t\t<div class=\"elementor-widget-container\">\n\t\t\t\t\t\t\t\t\t<p>Aislamiento a ruido a\u00e9reo, seg\u00fan norma UNE-EN ISO 16283-1:2015\/A1:2018<br \/>Aislamiento a ruido de impacto, seg\u00fan norma UNE-EN ISO 16283-2:2019<br \/>Aislamiento de fachada, seg\u00fan norma UNE-EN ISO 16283-3:2016.<br \/>Niveles de emisi\u00f3n al ambiente exterior, seg\u00fan RD 1367\/2007.<br \/>Niveles de inmisi\u00f3n a recintos, seg\u00fan RD 1367\/2007.<br \/>Auditorias ac\u00fasticas de edificios y locales de actividad.<\/p>\t\t\t\t\t\t\t\t<\/div>\n\t\t\t\t<\/div>\n\t\t\t\t<\/div>\n\t\t<div class=\"elementor-element elementor-element-0625ab6 e-con-full e-flex e-con e-child\" data-id=\"0625ab6\" data-element_type=\"container\">\n\t\t\t\t<div class=\"elementor-element elementor-element-bd7dc6a elementor-widget elementor-widget-image\" data-id=\"bd7dc6a\" data-element_type=\"widget\" data-widget_type=\"image.default\">\n\t\t\t\t<div class=\"elementor-widget-container\">\n\t\t\t\t\t\t\t\t\t\t\t\t\t\t\t<img decoding=\"async\" width=\"751\" height=\"1001\" src=\"https:\/\/certiacustic.es\/wp-content\/uploads\/2024\/01\/ensayos-in-situ-3-768x1024.jpg\" class=\"attachment-large size-large wp-image-2879\" alt=\"Ensayos Ac\u00fasticos In Situ\" srcset=\"https:\/\/certiacustic.es\/wp-content\/uploads\/2024\/01\/ensayos-in-situ-3-768x1024.jpg 768w, https:\/\/certiacustic.es\/wp-content\/uploads\/2024\/01\/ensayos-in-situ-3-225x300.jpg 225w, https:\/\/certiacustic.es\/wp-content\/uploads\/2024\/01\/ensayos-in-situ-3-1152x1536.jpg 1152w, https:\/\/certiacustic.es\/wp-content\/uploads\/2024\/01\/ensayos-in-situ-3.jpg 1224w\" sizes=\"(max-width: 751px) 100vw, 751px\" \/>\t\t\t\t\t\t\t\t\t\t\t\t\t\t\t<\/div>\n\t\t\t\t<\/div>\n\t\t\t\t<\/div>\n\t\t\t\t\t<\/div>\n\t\t\t\t<\/div>\n\t\t\t\t<\/div>\n\t\t","protected":false},"excerpt":{"rendered":"<p>Ac\u00fastica Arquitect\u00f3nica Evaluaci\u00f3n y predicci\u00f3n del Aislamiento Ac\u00fastico seg\u00fan norma UNE ISO 12354. Dise\u00f1o y propuestas de aislamiento ac\u00fastico de actividades (Bares, Pub, Discotecas, \u2026).Estudio y propuesta de medidas correctoras.Acondicionamiento y dise\u00f1o ac\u00fastico de recintos y salas. Ac\u00fastica Medioambiental Estudio de evaluaci\u00f3n de impacto ac\u00fastico en infraestructuras, y zonificaci\u00f3n ac\u00fastica (Mapas de Ruido). An\u00e1lisis y&#8230;<\/p>\n","protected":false},"author":1,"featured_media":0,"parent":0,"menu_order":0,"comment_status":"closed","ping_status":"closed","template":"","meta":{"footnotes":""},"class_list":["post-3172","page","type-page","status-publish","hentry"],"_links":{"self":[{"href":"https:\/\/certiacustic.es\/en\/wp-json\/wp\/v2\/pages\/3172","targetHints":{"allow":["GET"]}}],"collection":[{"href":"https:\/\/certiacustic.es\/en\/wp-json\/wp\/v2\/pages"}],"about":[{"href":"https:\/\/certiacustic.es\/en\/wp-json\/wp\/v2\/types\/page"}],"author":[{"embeddable":true,"href":"https:\/\/certiacustic.es\/en\/wp-json\/wp\/v2\/users\/1"}],"replies":[{"embeddable":true,"href":"https:\/\/certiacustic.es\/en\/wp-json\/wp\/v2\/comments?post=3172"}],"version-history":[{"count":4,"href":"https:\/\/certiacustic.es\/en\/wp-json\/wp\/v2\/pages\/3172\/revisions"}],"predecessor-version":[{"id":3240,"href":"https:\/\/certiacustic.es\/en\/wp-json\/wp\/v2\/pages\/3172\/revisions\/3240"}],"wp:attachment":[{"href":"https:\/\/certiacustic.es\/en\/wp-json\/wp\/v2\/media?parent=3172"}],"curies":[{"name":"wp","href":"https:\/\/api.w.org\/{rel}","templated":true}]}}